{"id":198,"date":"2023-09-15T13:54:08","date_gmt":"2023-09-15T13:54:08","guid":{"rendered":"http:\/\/dorlach.scot\/?page_id=198"},"modified":"2024-03-23T00:51:25","modified_gmt":"2024-03-23T00:51:25","slug":"fundraising","status":"publish","type":"page","link":"https:\/\/dalriada.scot\/gd\/fundraising","title":{"rendered":"Togail Airgid"},"content":{"rendered":"<figure class=\"wp-block-image alignright size-large is-resized\"><a href=\"https:\/\/www.yt-dingo.com\/mac-uaimhe\"><img loading=\"lazy\" decoding=\"async\" width=\"1024\" height=\"1024\" src=\"https:\/\/dorlach.scot\/wp-content\/uploads\/2024\/03\/Untitled_Artwork-1024x1024.jpg\" alt=\"\" class=\"wp-image-1287\" style=\"width:601px;height:auto\" srcset=\"https:\/\/dalriada.scot\/wp-content\/uploads\/2024\/03\/Untitled_Artwork-1024x1024.jpg 1024w, https:\/\/dalriada.scot\/wp-content\/uploads\/2024\/03\/Untitled_Artwork-300x300.jpg 300w, https:\/\/dalriada.scot\/wp-content\/uploads\/2024\/03\/Untitled_Artwork-150x150.jpg 150w, https:\/\/dalriada.scot\/wp-content\/uploads\/2024\/03\/Untitled_Artwork-768x768.jpg 768w, https:\/\/dalriada.scot\/wp-content\/uploads\/2024\/03\/Untitled_Artwork-1536x1536.jpg 1536w, https:\/\/dalriada.scot\/wp-content\/uploads\/2024\/03\/Untitled_Artwork-12x12.jpg 12w, https:\/\/dalriada.scot\/wp-content\/uploads\/2024\/03\/Untitled_Artwork.jpg 2048w\" sizes=\"auto, (max-width: 1024px) 100vw, 1024px\" \/><\/a><\/figure>\n\n\n\n<h1 class=\"wp-block-heading has-text-align-left has-x-large-font-size\" style=\"padding-top:0;padding-bottom:0\"><a href=\"https:\/\/www.yt-dingo.com\/mac-uaimhe\" class=\"ek-link\">MAC-UAIMHE<\/a><\/h1>\n\n\n\n<p class=\"has-text-align-left has-large-font-size\"><strong>Co-oibreachadh ci\u00f9il eadar Yt DiNGO is \u00c0dhamh \u00d3 Broin.<\/strong><\/p>\n\n\n\n<p class=\"has-text-align-left\">Tha dealbh an \u00f2rain a-mach a-niste \u2018s\u00a0<a href=\"https:\/\/www.yt-dingo.com\/mac-uaimhe\" class=\"ek-link\"><strong>tha e ri fhaotainn<\/strong><\/a>.<\/p>\n\n\n\n<p>Tha an t-\u00f2ran \u00f9r seo st\u00e9idhichte ann an sgeul-beatha YT DiNGO sna beagan bhlianaichean a dh\u2019fhalbh \u2018s e \u2018tilleadh a dh\u2019Alba air son rathad a shinnsearan a ghabhail. Tha e air cuid mhath da bheatha a chur seachad am measg th\u00f9sanaich na h-\u00c0straile, ag ionnsachadh mu dh\u00e9idhinn na d\u00f9thcha san do thogadh e. Bha an t-\u00e0m ann a-nis dol air ais gu T\u00ecr nan G\u00e0idheal \u2018s nan Cruithneach, cr\u00ecochan Sg\u00ecrean Aonghais, Pheairt \u2018s F\u00ecobha. \u2018S ann ann a sin a thachair e air ar cathraiche \u00c0dhamh \u2018s th\u00f2isich iad ag obair air iomairtean a bheireadh seachad an sgeul seo gu h-ealanta. Tha an t-\u00f2ran a\u2019 measgachadh ce\u00f2l pop le spiorad m\u00f3r, facail r\u00e0p le sean-fhacail \u2018s orthan \u00e0 dualchas G\u00e0idhealach. Th\u00e9id an d\u00e0rna p\u00e0irte de\u2019n airgead a thogas an t-\u00f2ran seo do Dh\u00f2rlach air son Cothrom na F\u00e9inne bhith againn \u2018s sinn ris an t-saothair leantainneach gus sp\u00e9is a shealltainn do dh\u00ecleab nan G\u00e0idheal. Tha sinn an d\u00f2chas gun c\u00f2rd e ruibh!<\/p>\n\n\n\n<div style=\"height:0px\" aria-hidden=\"true\" class=\"wp-block-spacer\"><\/div>\n\n\n\n<figure class=\"wp-block-embed is-type-video is-provider-youtube wp-block-embed-youtube wp-embed-aspect-16-9 wp-has-aspect-ratio\"><div class=\"wp-block-embed__wrapper\">\n<iframe loading=\"lazy\" title=\"Yt DiNGO - MAC-UAIMHE feat. \u00c0dhamh \u00d3 Broin (Official Music Video)\" width=\"1290\" height=\"726\" src=\"https:\/\/www.youtube.com\/embed\/2oY3V0aO0sA?feature=oembed\" frameborder=\"0\" allow=\"accelerometer; autoplay; clipboard-write; encrypted-media; gyroscope; picture-in-picture; web-share\" allowfullscreen><\/iframe>\n<\/div><\/figure>\n\n\n\n<h2 class=\"wp-block-heading has-text-align-center has-x-large-font-size\" id=\"we-re-a-studio-in-berlin-with-an-international-practice-in-architecture-urban-planning-and-interior-design-we-believe-in-sharing-knowledge-and-promoting-dialogue-to-increase-the-creative-potential-of-collaboration\" style=\"line-height:1.1\">R\u00f2p S\u00e0mhach<\/h2>\n\n\n\n<p class=\"has-medium-font-size\">Cumaidh sinn r\u00f2p \"s\u00e0mhach\" air son na deilbh bhriagh seo le neach-ealain 's buachaille Brad Phares air a' bheil an t-ainm <strong>An G\u00e0idheal<\/strong> Dh'iarr sinn air Brad dealbh a dhianamh de'n Gh\u00e0idheal gun ainm a tha san t-suaicheantas againn.  Tha sinn an d\u00f2chas nach eil e ro fhollaiseach c\u00f3 am fear a bha na mhodail dhuinn! <\/p>\n\n\n\n<figure class=\"wp-block-image size-full is-resized\"><img loading=\"lazy\" decoding=\"async\" width=\"2500\" height=\"1973\" src=\"https:\/\/dorlach.scot\/wp-content\/uploads\/2023\/11\/An-Gaidheal-ur.jpg\" alt=\"\" class=\"wp-image-810\" style=\"object-fit:contain;width:1290px;height:1017px\" srcset=\"https:\/\/dalriada.scot\/wp-content\/uploads\/2023\/11\/An-Gaidheal-ur.jpg 2500w, https:\/\/dalriada.scot\/wp-content\/uploads\/2023\/11\/An-Gaidheal-ur-300x237.jpg 300w, https:\/\/dalriada.scot\/wp-content\/uploads\/2023\/11\/An-Gaidheal-ur-1024x808.jpg 1024w, https:\/\/dalriada.scot\/wp-content\/uploads\/2023\/11\/An-Gaidheal-ur-768x606.jpg 768w, https:\/\/dalriada.scot\/wp-content\/uploads\/2023\/11\/An-Gaidheal-ur-1536x1212.jpg 1536w, https:\/\/dalriada.scot\/wp-content\/uploads\/2023\/11\/An-Gaidheal-ur-2048x1616.jpg 2048w, https:\/\/dalriada.scot\/wp-content\/uploads\/2023\/11\/An-Gaidheal-ur-15x12.jpg 15w\" sizes=\"auto, (max-width: 2500px) 100vw, 2500px\" \/><\/figure>\n\n\n\n<p>Gun ch\u00e9is: 51x41cm (20\u2033 x 16\u2033) \u2013 Le c\u00e9is: 66x55cm (26\u2033 x 22\u2033)<\/p>\n\n\n\n<p class=\"has-text-align-center has-large-font-size\">Cuiribh tairgse gu: <a href=\"mailto:rop@dorlach.scot\" class=\"ek-link\">rop@dorlach.scot<\/a><\/p>\n\n\n\n<p class=\"has-text-align-center has-medium-font-size\">D\u00f9inidh an r\u00f2p uaireigin sa bhliana \u00f9ir.<br>Bun-tairgse \u00a3200 - cuiribh an t-s\u00f9im a tha sibh air son tairgseadh do phost-d mar chuspair.<br>Ghearradh tabhartas sam bith a bheir an neach-bhuannachaidh seachad san \u00e0m a bhios an r\u00f2p fosgailte bhon tairgse a reinn iad.<br>Ma tha \u00f9idh ann, tha sinn a\u2019 beachdachadh air cl\u00f3-bhualaidhean a dhianamh air son an reic - nach leig sibh fios thugainn nuair a n\u00ec sibh tairgse ma tha sibh ag iarraidh fear mur am buannaich sibh an dealbh.<br>Tha an comharra-uisge ann air son casg a chuir air cl\u00f2-bhualaidhean fuadan.<\/p>\n\n\n\n<p class=\"has-text-align-center has-large-font-size\">Bhiomaid uabhasach taingeil air son tabhartasan sam bith, ma \u2019s urrainn dhuibh tairgse a dhianamh no nach urrainn.<\/p>\n\n\n\n<div class=\"wp-block-buttons has-custom-font-size has-small-font-size is-content-justification-center is-layout-flex wp-container-core-buttons-is-layout-b5994976 wp-block-buttons-is-layout-flex\">\n<div class=\"wp-block-button has-custom-font-size has-x-large-font-size\"><a class=\"wp-block-button__link wp-element-button\" href=\"https:\/\/www.paypal.com\/donate\/?hosted_button_id=E7PK2NWLFGGRJ\">\u00a35<\/a><\/div>\n\n\n\n<div class=\"wp-block-button has-custom-font-size has-x-large-font-size\"><a class=\"wp-block-button__link wp-element-button\" href=\"https:\/\/www.paypal.com\/donate\/?hosted_button_id=UG82F7CNDLLQG\">\u00a315<\/a><\/div>\n\n\n\n<div class=\"wp-block-button has-custom-font-size has-x-large-font-size\"><a class=\"wp-block-button__link wp-element-button\" href=\"https:\/\/www.paypal.com\/donate\/?hosted_button_id=BJDFSVM84RCY2\">\u00a350<\/a><\/div>\n\n\n\n<div class=\"wp-block-button has-custom-font-size has-x-large-font-size\"><a class=\"wp-block-button__link wp-element-button\" href=\"https:\/\/www.paypal.com\/donate\/?hosted_button_id=PAN9CPENTCATY\">Taghaibh S\u00f9im<\/a><\/div>\n<\/div>","protected":false},"excerpt":{"rendered":"<p>MAC-UAIMHE A musical collaboration between Yt DiNGO and \u00c0dhamh \u00d3 Broin. The music video is out now and is\u00a0available to buy. This new song is based on the life story of Yt DiNGO over the last few years and his return to Scotland to take the path of his ancestors. He has spent a good [&hellip;]<\/p>\n","protected":false},"author":3,"featured_media":0,"parent":0,"menu_order":0,"comment_status":"closed","ping_status":"closed","template":"","meta":{"_editorskit_title_hidden":false,"_editorskit_reading_time":0,"_editorskit_is_block_options_detached":false,"_editorskit_block_options_position":"{}","footnotes":""},"class_list":["post-198","page","type-page","status-publish","hentry"],"blocksy_meta":{"has_hero_section":"default"},"aioseo_notices":[],"_links":{"self":[{"href":"https:\/\/dalriada.scot\/gd\/wp-json\/wp\/v2\/pages\/198","targetHints":{"allow":["GET"]}}],"collection":[{"href":"https:\/\/dalriada.scot\/gd\/wp-json\/wp\/v2\/pages"}],"about":[{"href":"https:\/\/dalriada.scot\/gd\/wp-json\/wp\/v2\/types\/page"}],"author":[{"embeddable":true,"href":"https:\/\/dalriada.scot\/gd\/wp-json\/wp\/v2\/users\/3"}],"replies":[{"embeddable":true,"href":"https:\/\/dalriada.scot\/gd\/wp-json\/wp\/v2\/comments?post=198"}],"version-history":[{"count":51,"href":"https:\/\/dalriada.scot\/gd\/wp-json\/wp\/v2\/pages\/198\/revisions"}],"predecessor-version":[{"id":1324,"href":"https:\/\/dalriada.scot\/gd\/wp-json\/wp\/v2\/pages\/198\/revisions\/1324"}],"wp:attachment":[{"href":"https:\/\/dalriada.scot\/gd\/wp-json\/wp\/v2\/media?parent=198"}],"curies":[{"name":"wp","href":"https:\/\/api.w.org\/{rel}","templated":true}]}}